{"id":2387,"date":"2023-05-02T07:45:11","date_gmt":"2023-05-02T07:45:11","guid":{"rendered":"http:\/\/192.168.0.235\/drill\/?page_id=2387"},"modified":"2024-07-19T18:08:49","modified_gmt":"2024-07-19T18:08:49","slug":"blog","status":"publish","type":"page","link":"https:\/\/www.consultagrp.com\/en\/blog\/","title":{"rendered":"Blog"},"content":{"rendered":"<div data-elementor-type=\"wp-page\" data-elementor-id=\"2387\" class=\"elementor elementor-2387\">\n\t\t\t\t\t\t<section class=\"elementor-section elementor-top-section elementor-element elementor-element-08c4266 elementor-section-boxed elementor-section-height-default elementor-section-height-default rt-default-class\" data-id=\"08c4266\" data-element_type=\"section\">\n\t\t\t\t\t\t<div class=\"elementor-container elementor-column-gap-default\">\n\t\t\t\t\t<div class=\"elementor-column elementor-col-100 elementor-top-column elementor-element elementor-element-5479d6c rt-default-class\" data-id=\"5479d6c\" data-element_type=\"column\">\n\t\t\t<div class=\"elementor-widget-wrap elementor-element-populated\">\n\t\t\t\t\t\t<div class=\"elementor-element elementor-element-3fd3286 rt-default-class elementor-widget elementor-widget-react-blog\" data-id=\"3fd3286\" data-element_type=\"widget\" data-widget_type=\"react-blog.default\">\n\t\t\t\t<div class=\"elementor-widget-container\">\n\t\t\t\r\n\t\t<div class=\"reactheme-blog-grid2x reactheme-blog-grid blog--style3blog-area-style-four\">            \r\n\r\n            <div class=\"row blog-gird-item\">\r\n                \r\n\t\t\t \t<div class=\"grid-item col-lg-4 col-md-4 col-sm-4 col-12\">\r\n    <!-- single blog area start -->\r\n    <div class=\"blog-style-four\">\r\n        <a href=\"https:\/\/www.consultagrp.com\/en\/antes-de-cerrar-el-ano-revisa-tus-prestamos-intercompania-los-errores-mas-comunes\/\" class=\"thumbanil\">\r\n                            <img fetchpriority=\"high\" decoding=\"async\" width=\"312\" height=\"360\" src=\"https:\/\/www.consultagrp.com\/wp-content\/uploads\/2025\/05\/Captura-de-pantalla-2025-05-26-a-las-4.18.06\u202fp.m-312x360.png\" class=\"attachment-project-home-three size-project-home-three wp-post-image\" alt=\"\" \/>                    <\/a>\r\n        <div class=\"inner-content-blog\">\r\n            <div class=\"head\">\r\n\r\n                            <div class=\"date\">\r\n                    <i class=\"far fa-clock\"><\/i>\r\n                    <div class=\"info\">\r\n                        October 20, 2025                    <\/div>\r\n                <\/div>\r\n            \r\n            \r\n            <\/div>\r\n            <a href=\"https:\/\/www.consultagrp.com\/en\/antes-de-cerrar-el-ano-revisa-tus-prestamos-intercompania-los-errores-mas-comunes\/\">\r\n                            <h4 class=\"title\">Antes de cerrar el a\u00f1o, revisa tus pr\u00e9stamos intercompa\u00f1\u00eda: los errores m\u00e1s comunes<\/h4>\r\n            <\/a>\r\n        <\/div>\r\n    <\/div>\r\n    <!-- single blog area start -->\r\n<\/div>                            \r\n                  \r\n\t\t\t\t\t<div class=\"grid-item col-lg-4 col-md-4 col-sm-4 col-12\">\r\n    <!-- single blog area start -->\r\n    <div class=\"blog-style-four\">\r\n        <a href=\"https:\/\/www.consultagrp.com\/en\/la-importancia-de-elegir-las-comparables-correctas\/\" class=\"thumbanil\">\r\n                            <img decoding=\"async\" width=\"312\" height=\"360\" src=\"https:\/\/www.consultagrp.com\/wp-content\/uploads\/2025\/09\/Captura-de-pantalla-2025-09-29-a-las-10.56.16-a.m-312x360.png\" class=\"attachment-project-home-three size-project-home-three wp-post-image\" alt=\"\" \/>                    <\/a>\r\n        <div class=\"inner-content-blog\">\r\n            <div class=\"head\">\r\n\r\n                            <div class=\"date\">\r\n                    <i class=\"far fa-clock\"><\/i>\r\n                    <div class=\"info\">\r\n                        October 13, 2025                    <\/div>\r\n                <\/div>\r\n            \r\n            \r\n            <\/div>\r\n            <a href=\"https:\/\/www.consultagrp.com\/en\/la-importancia-de-elegir-las-comparables-correctas\/\">\r\n                            <h4 class=\"title\">La importancia de elegir las comparables correctas.<\/h4>\r\n            <\/a>\r\n        <\/div>\r\n    <\/div>\r\n    <!-- single blog area start -->\r\n<\/div>                            \r\n                  \r\n\t\t\t\t\t<div class=\"grid-item col-lg-4 col-md-4 col-sm-4 col-12\">\r\n    <!-- single blog area start -->\r\n    <div class=\"blog-style-four\">\r\n        <a href=\"https:\/\/www.consultagrp.com\/en\/precios-de-transferencia-y-auditorias-la-importancia-de-mantener-la-informacion-en-orden\/\" class=\"thumbanil\">\r\n                            <img decoding=\"async\" width=\"312\" height=\"360\" src=\"https:\/\/www.consultagrp.com\/wp-content\/uploads\/2025\/09\/Captura-de-pantalla-2025-09-16-a-las-11.49.37-a.m-312x360.png\" class=\"attachment-project-home-three size-project-home-three wp-post-image\" alt=\"\" \/>                    <\/a>\r\n        <div class=\"inner-content-blog\">\r\n            <div class=\"head\">\r\n\r\n                            <div class=\"date\">\r\n                    <i class=\"far fa-clock\"><\/i>\r\n                    <div class=\"info\">\r\n                        October 6, 2025                    <\/div>\r\n                <\/div>\r\n            \r\n            \r\n            <\/div>\r\n            <a href=\"https:\/\/www.consultagrp.com\/en\/precios-de-transferencia-y-auditorias-la-importancia-de-mantener-la-informacion-en-orden\/\">\r\n                            <h4 class=\"title\">Precios de Transferencia y auditor\u00edas: la importancia de mantener la informaci\u00f3n en orden<\/h4>\r\n            <\/a>\r\n        <\/div>\r\n    <\/div>\r\n    <!-- single blog area start -->\r\n<\/div>                            \r\n                  \r\n\t\t\t\t\t<div class=\"grid-item col-lg-4 col-md-4 col-sm-4 col-12\">\r\n    <!-- single blog area start -->\r\n    <div class=\"blog-style-four\">\r\n        <a href=\"https:\/\/www.consultagrp.com\/en\/la-importancia-de-segmentar-la-informacion-financiera-en-operaciones-intercompania\/\" class=\"thumbanil\">\r\n                            <img loading=\"lazy\" decoding=\"async\" width=\"312\" height=\"360\" src=\"https:\/\/www.consultagrp.com\/wp-content\/uploads\/2025\/09\/Captura-de-pantalla-2025-09-16-a-las-11.35.38-a.m-312x360.png\" class=\"attachment-project-home-three size-project-home-three wp-post-image\" alt=\"\" \/>                    <\/a>\r\n        <div class=\"inner-content-blog\">\r\n            <div class=\"head\">\r\n\r\n                            <div class=\"date\">\r\n                    <i class=\"far fa-clock\"><\/i>\r\n                    <div class=\"info\">\r\n                        September 30, 2025                    <\/div>\r\n                <\/div>\r\n            \r\n            \r\n            <\/div>\r\n            <a href=\"https:\/\/www.consultagrp.com\/en\/la-importancia-de-segmentar-la-informacion-financiera-en-operaciones-intercompania\/\">\r\n                            <h4 class=\"title\">La importancia de segmentar la informaci\u00f3n financiera en operaciones intercompa\u00f1\u00eda<\/h4>\r\n            <\/a>\r\n        <\/div>\r\n    <\/div>\r\n    <!-- single blog area start -->\r\n<\/div>                            \r\n                  \r\n\t\t\t\t\t<div class=\"grid-item col-lg-4 col-md-4 col-sm-4 col-12\">\r\n    <!-- single blog area start -->\r\n    <div class=\"blog-style-four\">\r\n        <a href=\"https:\/\/www.consultagrp.com\/en\/por-que-es-bueno-tener-una-politica-intercompania\/\" class=\"thumbanil\">\r\n                            <img loading=\"lazy\" decoding=\"async\" width=\"312\" height=\"360\" src=\"https:\/\/www.consultagrp.com\/wp-content\/uploads\/2025\/04\/Captura-de-pantalla-2025-04-04-a-las-11.54.37\u202fa.m-312x360.png\" class=\"attachment-project-home-three size-project-home-three wp-post-image\" alt=\"\" \/>                    <\/a>\r\n        <div class=\"inner-content-blog\">\r\n            <div class=\"head\">\r\n\r\n                            <div class=\"date\">\r\n                    <i class=\"far fa-clock\"><\/i>\r\n                    <div class=\"info\">\r\n                        September 16, 2025                    <\/div>\r\n                <\/div>\r\n            \r\n            \r\n            <\/div>\r\n            <a href=\"https:\/\/www.consultagrp.com\/en\/por-que-es-bueno-tener-una-politica-intercompania\/\">\r\n                            <h4 class=\"title\">\u00bfPor qu\u00e9 es bueno tener una pol\u00edtica intercompa\u00f1\u00eda?<\/h4>\r\n            <\/a>\r\n        <\/div>\r\n    <\/div>\r\n    <!-- single blog area start -->\r\n<\/div>                            \r\n                  \r\n\t\t\t\t\t<div class=\"grid-item col-lg-4 col-md-4 col-sm-4 col-12\">\r\n    <!-- single blog area start -->\r\n    <div class=\"blog-style-four\">\r\n        <a href=\"https:\/\/www.consultagrp.com\/en\/elementor-13238\/\" class=\"thumbanil\">\r\n                            <img loading=\"lazy\" decoding=\"async\" width=\"312\" height=\"360\" src=\"https:\/\/www.consultagrp.com\/wp-content\/uploads\/2023\/08\/cropped-image-businessman-sitting-by-table-cafe-analyzing-indicators-laptop-computer-312x360.jpg\" class=\"attachment-project-home-three size-project-home-three wp-post-image\" alt=\"\" srcset=\"https:\/\/www.consultagrp.com\/wp-content\/uploads\/2023\/08\/cropped-image-businessman-sitting-by-table-cafe-analyzing-indicators-laptop-computer-312x360.jpg 312w, https:\/\/www.consultagrp.com\/wp-content\/uploads\/2023\/08\/cropped-image-businessman-sitting-by-table-cafe-analyzing-indicators-laptop-computer-424x490.jpg 424w\" sizes=\"(max-width: 312px) 100vw, 312px\" \/>                    <\/a>\r\n        <div class=\"inner-content-blog\">\r\n            <div class=\"head\">\r\n\r\n                            <div class=\"date\">\r\n                    <i class=\"far fa-clock\"><\/i>\r\n                    <div class=\"info\">\r\n                        September 16, 2025                    <\/div>\r\n                <\/div>\r\n            \r\n            \r\n            <\/div>\r\n            <a href=\"https:\/\/www.consultagrp.com\/en\/elementor-13238\/\">\r\n                            <h4 class=\"title\">Contratos intercompa\u00f1\u00eda: m\u00e1s que un requisito, una herramienta clave en Precios de Transferencia<\/h4>\r\n            <\/a>\r\n        <\/div>\r\n    <\/div>\r\n    <!-- single blog area start -->\r\n<\/div>                            \r\n                  \r\n\t\t\t\t\t                 \r\n                         \r\n                <\/div>   \r\n                               \r\n            \t    \r\n                              \r\n\t\t<\/div>\r\n\t   \t\t<\/div>\n\t\t\t\t<\/div>\n\t\t\t\t\t<\/div>\n\t\t<\/div>\n\t\t\t\t\t<\/div>\n\t\t<\/section>\n\t\t\t\t<\/div>","protected":false},"excerpt":{"rendered":"<p>mayo 2, 2023 Tendencias de Precios de Transferencia en Centroam\u00e9rica. mayo 2, 2023 Modelo de Excelencia Operacional de PT mayo 2, 2023 Precios de Transferencia y Valoraci\u00f3n Aduanera mayo 1, 2023 Comercializaci\u00f3n de Materias Primas entre Partes Relacionadas mayo 1, 2023 \u00bfQu\u00e9 son los Precios de Transferencia? mayo 1, 2023 \u00bfC\u00f3mo invertir con los mercados&#8230;<\/p>","protected":false},"author":1,"featured_media":0,"parent":0,"menu_order":0,"comment_status":"closed","ping_status":"closed","template":"","meta":{"_joinchat":[],"footnotes":""},"class_list":["post-2387","page","type-page","status-publish","hentry"],"_links":{"self":[{"href":"https:\/\/www.consultagrp.com\/en\/wp-json\/wp\/v2\/pages\/2387","targetHints":{"allow":["GET"]}}],"collection":[{"href":"https:\/\/www.consultagrp.com\/en\/wp-json\/wp\/v2\/pages"}],"about":[{"href":"https:\/\/www.consultagrp.com\/en\/wp-json\/wp\/v2\/types\/page"}],"author":[{"embeddable":true,"href":"https:\/\/www.consultagrp.com\/en\/wp-json\/wp\/v2\/users\/1"}],"replies":[{"embeddable":true,"href":"https:\/\/www.consultagrp.com\/en\/wp-json\/wp\/v2\/comments?post=2387"}],"version-history":[{"count":16,"href":"https:\/\/www.consultagrp.com\/en\/wp-json\/wp\/v2\/pages\/2387\/revisions"}],"predecessor-version":[{"id":12004,"href":"https:\/\/www.consultagrp.com\/en\/wp-json\/wp\/v2\/pages\/2387\/revisions\/12004"}],"wp:attachment":[{"href":"https:\/\/www.consultagrp.com\/en\/wp-json\/wp\/v2\/media?parent=2387"}],"curies":[{"name":"wp","href":"https:\/\/api.w.org\/{rel}","templated":true}]}}